{"id":4048,"date":"2025-07-29T18:38:58","date_gmt":"2025-07-29T18:38:58","guid":{"rendered":"https:\/\/inmueblesalexander.com\/?page_id=4048"},"modified":"2025-08-07T16:56:56","modified_gmt":"2025-08-07T16:56:56","slug":"blog","status":"publish","type":"page","link":"https:\/\/inmueblesalexander.com\/zh\/blog\/","title":{"rendered":"Blog"},"content":{"rendered":"<div data-elementor-type=\"wp-page\" data-elementor-id=\"4048\" class=\"elementor elementor-4048\" data-elementor-post-type=\"page\">\n\t\t\t\t<div class=\"elementor-element elementor-element-fdc9913 e-flex e-con-boxed e-con e-parent\" data-id=\"fdc9913\" data-element_type=\"container\" data-e-type=\"container\" data-settings=\"{&quot;background_background&quot;:&quot;gradient&quot;}\">\n\t\t\t\t\t<div class=\"e-con-inner\">\n\t\t<div class=\"elementor-element elementor-element-cfa7747 e-con-full e-flex e-con e-child\" data-id=\"cfa7747\" data-element_type=\"container\" data-e-type=\"container\">\n\t\t\t\t<div class=\"elementor-element elementor-element-a24cf72 elementor-widget__width-initial elementor-widget elementor-widget-heading\" data-id=\"a24cf72\" data-element_type=\"widget\" data-e-type=\"widget\" data-widget_type=\"heading.default\">\n\t\t\t\t<div class=\"elementor-widget-container\">\n\t\t\t\t\t<h1 class=\"elementor-heading-title elementor-size-default\">\u623f\u5730\u4ea7\u535a\u5ba2<\/h1>\t\t\t\t<\/div>\n\t\t\t\t<\/div>\n\t\t\t\t<\/div>\n\t\t\t\t\t<\/div>\n\t\t\t\t<\/div>\n\t\t<div class=\"elementor-element elementor-element-23feae4 e-flex e-con-boxed e-con e-parent\" data-id=\"23feae4\" data-element_type=\"container\" data-e-type=\"container\">\n\t\t\t\t\t<div class=\"e-con-inner\">\n\t\t\t\t<div class=\"elementor-element elementor-element-fea8a4f elementor-widget elementor-widget-contentviews_widget_grid1\" data-id=\"fea8a4f\" data-element_type=\"widget\" data-e-type=\"widget\" data-widget_type=\"contentviews_widget_grid1.default\">\n\t\t\t\t<div class=\"elementor-widget-container\">\n\t\t\t\t\t<div class='pt-cv-wrapper'> <div class=\"pt-cv-view pt-cv-blockgrid iscvblock iscvelementor grid1 layout1\" id=\"pt-cv-view-fea8a4f\"><div data-id=\"pt-cv-page-1\" class=\"pt-cv-page\" data-cvc=\"3\"><div class=\"pt-cv-content-item pt-cv-1-col\" ><div class=\"pt-cv-thumb-wrapper\"><a href=\"https:\/\/inmueblesalexander.com\/zh\/la-ciudad-de-mexico-no-duerme-por-que-el-mercado-de-renta-sigue-en-auge\/\" class=\"_self pt-cv-href-thumbnail pt-cv-thumb-default\" target=\"_self\" ><img fetchpriority=\"high\" decoding=\"async\" width=\"750\" height=\"422\" src=\"https:\/\/inmueblesalexander.com\/wp-content\/uploads\/2024\/04\/alex_in_web_img_especialidad_bg04-1024x576.jpg\" class=\"pt-cv-thumbnail\" alt=\"Alexander Comercial fondo Valuaci\u00f3n\" style=\"width:100%;height:56.25%;max-width:1920px;\" \/><\/a><\/div>\n<h4 class=\"pt-cv-title\"><a href=\"https:\/\/inmueblesalexander.com\/zh\/la-ciudad-de-mexico-no-duerme-por-que-el-mercado-de-renta-sigue-en-auge\/\" class=\"_self\" target=\"_self\" >\u58a8\u897f\u54e5\u57ce\u4e0d\u7720\u4e4b\u591c\uff1a\u79df\u8d41\u5e02\u573a\u4e3a\u4f55\u4f9d\u7136\u7e41\u8363<\/a><\/h4>\n<div class=\"pt-cv-content\">La Ciudad de M\u00e9xico  ...<\/div>\n<div class=\"pt-cv-rmwrap\"><a href=\"https:\/\/inmueblesalexander.com\/zh\/la-ciudad-de-mexico-no-duerme-por-que-el-mercado-de-renta-sigue-en-auge\/\" class=\"_self pt-cv-readmore btn btn-success\" target=\"_self\" >\u9605\u8bfb\u66f4\u591a<\/a><\/div><\/div><\/div><\/div> <\/div> \t\t\t\t<\/div>\n\t\t\t\t<\/div>\n\t\t\t\t\t<\/div>\n\t\t\t\t<\/div>\n\t\t\t\t<\/div>","protected":false},"excerpt":{"rendered":"<p>Blog inmobiliario La Ciudad de M\u00e9xico No Duerme: Por Qu\u00e9 el Mercado de Renta Sigue en Auge La Ciudad de M\u00e9xico No Duerme: Por Qu\u00e9 el Mercado de Renta Sigue en Auge La Ciudad de M\u00e9xico es &#8230; Leer M\u00e1s<\/p>","protected":false},"author":1,"featured_media":0,"parent":0,"menu_order":0,"comment_status":"closed","ping_status":"closed","template":"elementor_header_footer","meta":{"footnotes":""},"class_list":["post-4048","page","type-page","status-publish","hentry","entry"],"yoast_head":"<!-- This site is optimized with the Yoast SEO plugin v27.4 - https:\/\/yoast.com\/product\/yoast-seo-wordpress\/ -->\n<title>Blog - Inmuebles Alexander<\/title>\n<meta name=\"robots\" content=\"index, follow, max-snippet:-1, max-image-preview:large, max-video-preview:-1\" \/>\n<link rel=\"canonical\" href=\"https:\/\/inmueblesalexander.com\/zh\/blog\/\" \/>\n<meta property=\"og:locale\" content=\"zh_CN\" \/>\n<meta property=\"og:type\" content=\"article\" \/>\n<meta property=\"og:title\" content=\"Blog - Inmuebles Alexander\" \/>\n<meta property=\"og:description\" content=\"Blog inmobiliario La Ciudad de M\u00e9xico No Duerme: Por Qu\u00e9 el Mercado de Renta Sigue en Auge La Ciudad de M\u00e9xico No Duerme: Por Qu\u00e9 el Mercado de Renta Sigue en Auge La Ciudad de M\u00e9xico es &#8230; Leer M\u00e1s\" \/>\n<meta property=\"og:url\" content=\"https:\/\/inmueblesalexander.com\/zh\/blog\/\" \/>\n<meta property=\"og:site_name\" content=\"Inmuebles Alexander\" \/>\n<meta property=\"article:publisher\" content=\"https:\/\/www.facebook.com\/inmueblesalexander\" \/>\n<meta property=\"article:modified_time\" content=\"2025-08-07T16:56:56+00:00\" \/>\n<meta property=\"og:image\" content=\"https:\/\/inmueblesalexander.com\/wp-content\/uploads\/2024\/04\/alex_in_web_img_especialidad_bg04-1024x576.jpg\" \/>\n<meta name=\"twitter:card\" content=\"summary_large_image\" \/>\n<meta name=\"twitter:label1\" content=\"\u9884\u8ba1\u9605\u8bfb\u65f6\u95f4\" \/>\n\t<meta name=\"twitter:data1\" content=\"1 \u5206\" \/>\n<script type=\"application\/ld+json\" class=\"yoast-schema-graph\">{\"@context\":\"https:\\\/\\\/schema.org\",\"@graph\":[{\"@type\":\"WebPage\",\"@id\":\"https:\\\/\\\/inmueblesalexander.com\\\/zh\\\/blog\\\/\",\"url\":\"https:\\\/\\\/inmueblesalexander.com\\\/zh\\\/blog\\\/\",\"name\":\"Blog - Inmuebles Alexander\",\"isPartOf\":{\"@id\":\"https:\\\/\\\/inmueblesalexander.com\\\/#website\"},\"primaryImageOfPage\":{\"@id\":\"https:\\\/\\\/inmueblesalexander.com\\\/zh\\\/blog\\\/#primaryimage\"},\"image\":{\"@id\":\"https:\\\/\\\/inmueblesalexander.com\\\/zh\\\/blog\\\/#primaryimage\"},\"thumbnailUrl\":\"https:\\\/\\\/inmueblesalexander.com\\\/wp-content\\\/uploads\\\/2024\\\/04\\\/alex_in_web_img_especialidad_bg04-1024x576.jpg\",\"datePublished\":\"2025-07-29T18:38:58+00:00\",\"dateModified\":\"2025-08-07T16:56:56+00:00\",\"breadcrumb\":{\"@id\":\"https:\\\/\\\/inmueblesalexander.com\\\/zh\\\/blog\\\/#breadcrumb\"},\"inLanguage\":\"zh-Hans\",\"potentialAction\":[{\"@type\":\"ReadAction\",\"target\":[\"https:\\\/\\\/inmueblesalexander.com\\\/zh\\\/blog\\\/\"]}]},{\"@type\":\"ImageObject\",\"inLanguage\":\"zh-Hans\",\"@id\":\"https:\\\/\\\/inmueblesalexander.com\\\/zh\\\/blog\\\/#primaryimage\",\"url\":\"https:\\\/\\\/inmueblesalexander.com\\\/wp-content\\\/uploads\\\/2024\\\/04\\\/alex_in_web_img_especialidad_bg04-1024x576.jpg\",\"contentUrl\":\"https:\\\/\\\/inmueblesalexander.com\\\/wp-content\\\/uploads\\\/2024\\\/04\\\/alex_in_web_img_especialidad_bg04-1024x576.jpg\"},{\"@type\":\"BreadcrumbList\",\"@id\":\"https:\\\/\\\/inmueblesalexander.com\\\/zh\\\/blog\\\/#breadcrumb\",\"itemListElement\":[{\"@type\":\"ListItem\",\"position\":1,\"name\":\"Home\",\"item\":\"https:\\\/\\\/inmueblesalexander.com\\\/\"},{\"@type\":\"ListItem\",\"position\":2,\"name\":\"Blog\"}]},{\"@type\":\"WebSite\",\"@id\":\"https:\\\/\\\/inmueblesalexander.com\\\/#website\",\"url\":\"https:\\\/\\\/inmueblesalexander.com\\\/\",\"name\":\"Inmuebles Alexander\",\"description\":\"Inmuebles Alexander: expertos en propiedades industriales y comerciales, con asesor\u00eda para compradores nacionales y extranjeros. Compra, venta, renta de bodegas, naves industriales y locales comerciales.\",\"publisher\":{\"@id\":\"https:\\\/\\\/inmueblesalexander.com\\\/#organization\"},\"potentialAction\":[{\"@type\":\"SearchAction\",\"target\":{\"@type\":\"EntryPoint\",\"urlTemplate\":\"https:\\\/\\\/inmueblesalexander.com\\\/?s={search_term_string}\"},\"query-input\":{\"@type\":\"PropertyValueSpecification\",\"valueRequired\":true,\"valueName\":\"search_term_string\"}}],\"inLanguage\":\"zh-Hans\"},{\"@type\":\"Organization\",\"@id\":\"https:\\\/\\\/inmueblesalexander.com\\\/#organization\",\"name\":\"Inmuebles Alexander\",\"url\":\"https:\\\/\\\/inmueblesalexander.com\\\/\",\"logo\":{\"@type\":\"ImageObject\",\"inLanguage\":\"zh-Hans\",\"@id\":\"https:\\\/\\\/inmueblesalexander.com\\\/#\\\/schema\\\/logo\\\/image\\\/\",\"url\":\"https:\\\/\\\/inmueblesalexander.com\\\/wp-content\\\/uploads\\\/2024\\\/03\\\/alex_in_web_logo.png\",\"contentUrl\":\"https:\\\/\\\/inmueblesalexander.com\\\/wp-content\\\/uploads\\\/2024\\\/03\\\/alex_in_web_logo.png\",\"width\":300,\"height\":100,\"caption\":\"Inmuebles Alexander\"},\"image\":{\"@id\":\"https:\\\/\\\/inmueblesalexander.com\\\/#\\\/schema\\\/logo\\\/image\\\/\"},\"sameAs\":[\"https:\\\/\\\/www.facebook.com\\\/inmueblesalexander\"]}]}<\/script>\n<!-- \/ Yoast SEO plugin. -->","yoast_head_json":{"title":"Blog - Inmuebles Alexander","robots":{"index":"index","follow":"follow","max-snippet":"max-snippet:-1","max-image-preview":"max-image-preview:large","max-video-preview":"max-video-preview:-1"},"canonical":"https:\/\/inmueblesalexander.com\/zh\/blog\/","og_locale":"zh_CN","og_type":"article","og_title":"Blog - Inmuebles Alexander","og_description":"Blog inmobiliario La Ciudad de M\u00e9xico No Duerme: Por Qu\u00e9 el Mercado de Renta Sigue en Auge La Ciudad de M\u00e9xico No Duerme: Por Qu\u00e9 el Mercado de Renta Sigue en Auge La Ciudad de M\u00e9xico es &#8230; Leer M\u00e1s","og_url":"https:\/\/inmueblesalexander.com\/zh\/blog\/","og_site_name":"Inmuebles Alexander","article_publisher":"https:\/\/www.facebook.com\/inmueblesalexander","article_modified_time":"2025-08-07T16:56:56+00:00","og_image":[{"url":"https:\/\/inmueblesalexander.com\/wp-content\/uploads\/2024\/04\/alex_in_web_img_especialidad_bg04-1024x576.jpg","type":"","width":"","height":""}],"twitter_card":"summary_large_image","twitter_misc":{"\u9884\u8ba1\u9605\u8bfb\u65f6\u95f4":"1 \u5206"},"schema":{"@context":"https:\/\/schema.org","@graph":[{"@type":"WebPage","@id":"https:\/\/inmueblesalexander.com\/zh\/blog\/","url":"https:\/\/inmueblesalexander.com\/zh\/blog\/","name":"Blog - Inmuebles Alexander","isPartOf":{"@id":"https:\/\/inmueblesalexander.com\/#website"},"primaryImageOfPage":{"@id":"https:\/\/inmueblesalexander.com\/zh\/blog\/#primaryimage"},"image":{"@id":"https:\/\/inmueblesalexander.com\/zh\/blog\/#primaryimage"},"thumbnailUrl":"https:\/\/inmueblesalexander.com\/wp-content\/uploads\/2024\/04\/alex_in_web_img_especialidad_bg04-1024x576.jpg","datePublished":"2025-07-29T18:38:58+00:00","dateModified":"2025-08-07T16:56:56+00:00","breadcrumb":{"@id":"https:\/\/inmueblesalexander.com\/zh\/blog\/#breadcrumb"},"inLanguage":"zh-Hans","potentialAction":[{"@type":"ReadAction","target":["https:\/\/inmueblesalexander.com\/zh\/blog\/"]}]},{"@type":"ImageObject","inLanguage":"zh-Hans","@id":"https:\/\/inmueblesalexander.com\/zh\/blog\/#primaryimage","url":"https:\/\/inmueblesalexander.com\/wp-content\/uploads\/2024\/04\/alex_in_web_img_especialidad_bg04-1024x576.jpg","contentUrl":"https:\/\/inmueblesalexander.com\/wp-content\/uploads\/2024\/04\/alex_in_web_img_especialidad_bg04-1024x576.jpg"},{"@type":"BreadcrumbList","@id":"https:\/\/inmueblesalexander.com\/zh\/blog\/#breadcrumb","itemListElement":[{"@type":"ListItem","position":1,"name":"Home","item":"https:\/\/inmueblesalexander.com\/"},{"@type":"ListItem","position":2,"name":"Blog"}]},{"@type":"WebSite","@id":"https:\/\/inmueblesalexander.com\/#website","url":"https:\/\/inmueblesalexander.com\/","name":"Inmuebles Alexander","description":"Inmuebles Alexander: expertos en propiedades industriales y comerciales, con asesor\u00eda para compradores nacionales y extranjeros. Compra, venta, renta de bodegas, naves industriales y locales comerciales.","publisher":{"@id":"https:\/\/inmueblesalexander.com\/#organization"},"potentialAction":[{"@type":"SearchAction","target":{"@type":"EntryPoint","urlTemplate":"https:\/\/inmueblesalexander.com\/?s={search_term_string}"},"query-input":{"@type":"PropertyValueSpecification","valueRequired":true,"valueName":"search_term_string"}}],"inLanguage":"zh-Hans"},{"@type":"Organization","@id":"https:\/\/inmueblesalexander.com\/#organization","name":"Inmuebles Alexander","url":"https:\/\/inmueblesalexander.com\/","logo":{"@type":"ImageObject","inLanguage":"zh-Hans","@id":"https:\/\/inmueblesalexander.com\/#\/schema\/logo\/image\/","url":"https:\/\/inmueblesalexander.com\/wp-content\/uploads\/2024\/03\/alex_in_web_logo.png","contentUrl":"https:\/\/inmueblesalexander.com\/wp-content\/uploads\/2024\/03\/alex_in_web_logo.png","width":300,"height":100,"caption":"Inmuebles Alexander"},"image":{"@id":"https:\/\/inmueblesalexander.com\/#\/schema\/logo\/image\/"},"sameAs":["https:\/\/www.facebook.com\/inmueblesalexander"]}]}},"_links":{"self":[{"href":"https:\/\/inmueblesalexander.com\/zh\/wp-json\/wp\/v2\/pages\/4048","targetHints":{"allow":["GET"]}}],"collection":[{"href":"https:\/\/inmueblesalexander.com\/zh\/wp-json\/wp\/v2\/pages"}],"about":[{"href":"https:\/\/inmueblesalexander.com\/zh\/wp-json\/wp\/v2\/types\/page"}],"author":[{"embeddable":true,"href":"https:\/\/inmueblesalexander.com\/zh\/wp-json\/wp\/v2\/users\/1"}],"replies":[{"embeddable":true,"href":"https:\/\/inmueblesalexander.com\/zh\/wp-json\/wp\/v2\/comments?post=4048"}],"version-history":[{"count":22,"href":"https:\/\/inmueblesalexander.com\/zh\/wp-json\/wp\/v2\/pages\/4048\/revisions"}],"predecessor-version":[{"id":4203,"href":"https:\/\/inmueblesalexander.com\/zh\/wp-json\/wp\/v2\/pages\/4048\/revisions\/4203"}],"wp:attachment":[{"href":"https:\/\/inmueblesalexander.com\/zh\/wp-json\/wp\/v2\/media?parent=4048"}],"curies":[{"name":"wp","href":"https:\/\/api.w.org\/{rel}","templated":true}]}}