{"id":2454,"date":"2024-04-19T18:47:05","date_gmt":"2024-04-19T18:47:05","guid":{"rendered":"https:\/\/inmueblesalexander.com\/?page_id=2454"},"modified":"2024-04-23T17:55:34","modified_gmt":"2024-04-23T17:55:34","slug":"aviso-de-privacidad","status":"publish","type":"page","link":"https:\/\/inmueblesalexander.com\/zh\/aviso-de-privacidad\/","title":{"rendered":"Aviso de Privacidad"},"content":{"rendered":"<div data-elementor-type=\"wp-page\" data-elementor-id=\"2454\" class=\"elementor elementor-2454\" data-elementor-post-type=\"page\">\n\t\t\t\t<div class=\"elementor-element elementor-element-f85bbf0 e-flex e-con-boxed e-con e-parent\" data-id=\"f85bbf0\" data-element_type=\"container\" data-e-type=\"container\" data-settings=\"{&quot;background_background&quot;:&quot;gradient&quot;}\">\n\t\t\t\t\t<div class=\"e-con-inner\">\n\t\t<div class=\"elementor-element elementor-element-0238f52 e-con-full e-flex e-con e-child\" data-id=\"0238f52\" data-element_type=\"container\" data-e-type=\"container\">\n\t\t\t\t<div class=\"elementor-element elementor-element-96f758d elementor-widget__width-initial elementor-widget elementor-widget-heading\" data-id=\"96f758d\" data-element_type=\"widget\" data-e-type=\"widget\" data-widget_type=\"heading.default\">\n\t\t\t\t<div class=\"elementor-widget-container\">\n\t\t\t\t\t<h2 class=\"elementor-heading-title elementor-size-default\">\u9690\u79c1\u58f0\u660e<\/h2>\t\t\t\t<\/div>\n\t\t\t\t<\/div>\n\t\t\t\t<\/div>\n\t\t\t\t\t<\/div>\n\t\t\t\t<\/div>\n\t\t<div class=\"elementor-element elementor-element-3618676 e-flex e-con-boxed e-con e-parent\" data-id=\"3618676\" data-element_type=\"container\" data-e-type=\"container\" data-settings=\"{&quot;background_background&quot;:&quot;classic&quot;}\">\n\t\t\t\t\t<div class=\"e-con-inner\">\n\t\t<div class=\"elementor-element elementor-element-6114667 e-con-full e-flex e-con e-child\" data-id=\"6114667\" data-element_type=\"container\" data-e-type=\"container\">\n\t\t<div class=\"elementor-element elementor-element-30f7117 e-flex e-con-boxed e-con e-child\" data-id=\"30f7117\" data-element_type=\"container\" data-e-type=\"container\" data-settings=\"{&quot;background_background&quot;:&quot;classic&quot;}\">\n\t\t\t\t\t<div class=\"e-con-inner\">\n\t\t\t\t<div class=\"elementor-element elementor-element-12436c4 elementor-widget elementor-widget-text-editor\" data-id=\"12436c4\" data-element_type=\"widget\" data-e-type=\"widget\" data-widget_type=\"text-editor.default\">\n\t\t\t\t<div class=\"elementor-widget-container\">\n\t\t\t\t\t\t\t\t\t<p>ALEXANDER COMERCIAL &#8211; Grupo Romanos 534 S.A de C.V con domicilio legal en Liceaga Center. Calle Dr Liceaga, Piso 5, Doctores, Cuauht\u00e9moc, 06720 Ciudad de M\u00e9xico, CDMX hace de su conocimiento que los datos personales que nos est\u00e1 proporcionando o alg\u00fan otro que nos proporcione en el futuro, se utilizar\u00e1n para abrir un expediente en su car\u00e1cter de Usuario y para nuestras bases de datos. Dicha informaci\u00f3n ser\u00e1 tratada y\/o utilizada por personal autorizado de ALEXANDER COMERCIAL&nbsp; que por la naturaleza de sus funciones tengan la necesidad de tratar y\/o utilizar sus datos personales; con el prop\u00f3sito de cumplir nuestra labor asistencial.&nbsp;<\/p><p><br><\/p>\n<p><\/p>\n<p>1. DATOS PERSONALES&nbsp;<\/p>\n<p>ALEXANDER COMERCIAL recabar\u00e1 los datos personales necesarios y suficientes para la viabilidad de la prestaci\u00f3n de los servicios ofrecidos, de manera enunciativa, m\u00e1s no limitativa, se podr\u00e1n recabar los siguientes: nombre completo, tel\u00e9fono, domicilio, correo electr\u00f3nico y dem\u00e1s datos que sean considerados necesarios para cumplir con las funciones de ALEXANDER COMERCIAL.<\/p>\n<p>Usted tiene el derecho de acceder a sus datos personales que se encuentran en nuestra posesi\u00f3n, as\u00ed como a los detalles y tratamiento de los mismos. Tambi\u00e9n tiene el derecho de rectificar en caso de existir error, de ser inexactos, o bien, instruirnos para su cancelaci\u00f3n cuando considere que resulten ser excesivos o innecesarios para las finalidades que justificaron la obtenci\u00f3n de los mismos. Su petici\u00f3n deber\u00e1 contener nombre completo, domicilio, correo electr\u00f3nico y tel\u00e9fono.<\/p>\n<p>Su petici\u00f3n ser\u00e1 atendida en un plazo m\u00e1ximo de 120 horas h\u00e1biles. Dentro de ese plazo usted recibir\u00e1 un correo electr\u00f3nico o llamada telef\u00f3nica en la que se le informar\u00e1 sobre la procedencia de su petici\u00f3n.<\/p>\n<p>Con fundamento en los art\u00edculos 36 y 37 de la Ley Federal de Protecci\u00f3n de Datos Personales en posesi\u00f3n de los particulares, ALEXANDER COMERCIAL podr\u00e1 compartir la informaci\u00f3n que se le proporcione as\u00ed como transferir sus datos personales a terceros; empresas subsidiarias, proveedores que le brindan sus servicios, entre otros, con la finalidad de poder brindar el servicio que usted contrate.&nbsp;<\/p><p><br><\/p>\n<p>2. DATOS PERSONALES SENSIBLES&nbsp;<\/p>\n<p>ALEXANDER COMERCIAL no solicita datos personales sensibles en ninguna secci\u00f3n del portal, mismos que pueden ser, m\u00e1s no limitados a, origen racial o \u00e9tnico, estado de salud presente y futuro, informaci\u00f3n gen\u00e9tica, afiliaci\u00f3n sindical, opiniones pol\u00edticas o preferencia sexual, entre otros.<\/p>\n<p>3. DERECHOS ARCO.&nbsp;<\/p>\n<p>Medios para ejercer los derechos Acceso, Rectificaci\u00f3n, Cancelaci\u00f3n u Oposici\u00f3n (ARCO). Usted puede solicitar Acceso a sus Datos Personales y al Aviso de Privacidad; la Rectificaci\u00f3n de \u00e9stos si se percatara de que son inexactos o incompletos; su Cancelaci\u00f3n si considera que no son utilizados conforme a los principios, deberes y obligaciones correspondientes, as\u00ed como Oponerse al Tratamiento de sus Datos Personales para Finalidades Espec\u00edficas al igual que a revocar el consentimiento que en su oportunidad hubiera otorgado para el Tratamiento de esos Datos Personales.<\/p>\n<p>Para ello solicite dicha modificaci\u00f3n al correo electr\u00f3nico hola@rayconcept.dental junto con: (i) copia firmada de una identificaci\u00f3n oficial con fotograf\u00eda, (ii) carta poder e identificaci\u00f3n de su apoderado, si lo manda por medio de un representante, y (iii) si ejerciera derecho de Rectificaci\u00f3n evidencia documental de los cambios solicitados.&nbsp;<\/p><p><br><\/p>\n<p>4. FINES DEL USO DE DATOS PERSONALES<\/p>\n<p>Los datos personales que recabamos los utilizamos con fines de responder a mensajes del formulario de contacto y la prestaci\u00f3n de cualquier servicio solicitado. Enviamos mensajes con fines promocionales, noticias, informaci\u00f3n relevante y cualquier otro que pudiera ser considerado de beneficio para el usuario.<\/p>\n<p>En cualquier momento usted puede dejar de recibir correos electr\u00f3nicos con noticias e informaci\u00f3n de ALEXANDER COMERCIAL, promociones del mismo y reportes anuales, solicit\u00e1ndolo mediante correo electr\u00f3nico a servicio.comercial@alexander-investment.com.<\/p><p><br><\/p>\n<p>5. TECNOLOG\u00cdAS DE RASTREO<\/p>\n<p>Le informamos que en nuestra p\u00e1gina de internet utilizamos cookies y otras tecnolog\u00edas, a trav\u00e9s de las cuales es posible monitorear su comportamiento como usuario al navegar en nuestra p\u00e1gina. Los datos personales que obtenemos de estas tecnolog\u00edas de rastreo son los siguientes:<\/p>\n<p>Regi\u00f3n en la que se encuentra el usuario, tipo de navegador del usuario, tipo de sistema operativo del usuario y p\u00e1ginas web visitadas por un usuario<\/p>\n<p>Estas cookies y otras tecnolog\u00edas pueden ser deshabilitadas. Para conocer c\u00f3mo hacerlo, consulte el men\u00fa de ayuda de su navegador. Tenga en cuenta que, en caso de desactivar las cookies, es posible que no pueda acceder a ciertas funciones personalizadas en nuestro sitio web.<\/p><p><br><\/p>\n<p>5. PROTECCI\u00d3N&nbsp;<\/p>\n<p>Todos los datos que se ingresan en el portal https:\/\/www.inmueblesalexander.com\/ incluyendo el nombre, domicilio, tel\u00e9fono, correo electr\u00f3nico, entre otros, se encriptan bajo un m\u00e9todo sofisticado utilizando tecnolog\u00eda de punta y se env\u00edan a nuestro servidor seguro. Estos datos no pueden ser le\u00eddos de ninguna manera durante su transmisi\u00f3n.&nbsp;<\/p>\n<p>ALEXANDER COMERCIAL no se hace responsable de ataques por terceras personas tales como hackers, spammers, trojanos, virus, etc\u00e9tera; al servidor, bases de datos y correos electr\u00f3nicos.&nbsp;<\/p>\n<p>Por su seguridad no env\u00ede su n\u00famero de tarjeta cr\u00e9dito o datos sensibles por correo electr\u00f3nico, ya que este no viaja de manera encriptada.&nbsp;<\/p>\n<p>Le recomendamos que no revele su informaci\u00f3n personal y contrase\u00f1as, a nadie. ALEXANDER COMERCIAL no solicitar\u00e1 su contrase\u00f1a en ninguna llamada telef\u00f3nica o mensaje de correo electr\u00f3nico.&nbsp;<\/p><p><br><\/p>\n<p>6. CONFIDENCIALIDAD DE LA INFORMACI\u00d3N&nbsp;<\/p>\n<p>ALEXANDER COMERCIAL no vende ni alquila la informaci\u00f3n de los usuarios. ALEXANDER COMERCIAL puede difundir la informaci\u00f3n del titular en casos especiales cuando a solicitud expresa de alguna autoridad, proporcionar esta informaci\u00f3n pueda servir para identificar, localizar o realizar acciones legales contra personas que pudiesen infringir las condiciones de nuestros servicios, o causar da\u00f1os o interferencia sobre los derechos de ALEXANDER COMERCIAL, de otros usuarios de nuestros sitios web o de cualquier otra persona que pudiese resultar perjudicada por dichas actividades.&nbsp;<\/p><p><br><\/p>\n<p>7. ACEPTACI\u00d3N DE LOS T\u00c9RMINOS&nbsp;<\/p>\n<p>Al proporcionarle sus datos personales a ALEXANDER COMERCIAL, el usuario expresamente reconoce y acepta el presente aviso, seg\u00fan el mismo pueda ser modificado o ajustado de tiempo en tiempo, y otorga su consentimiento para que se proceda con el procesamiento de sus datos personales de la forma que se explica en el presente.&nbsp;<\/p>\n<p>Si el usuario no est\u00e1 de acuerdo con ellos, no deber\u00e1 proporcionar ninguna informaci\u00f3n personal, ni utilizar los servicios de ALEXANDER COMERCIAL.&nbsp;<\/p><p><br><\/p>\n<p>8. MODIFICACIONES AL AVISO DE PRIVACIDAD&nbsp;<\/p>\n<p>ALEXANDER COMERCIAL expresamente se reserva el derecho, bajo su exclusiva discreci\u00f3n, de cambiar, modificar, agregar o eliminar partes del presente Aviso en cualquier momento ya sea para la atenci\u00f3n de novedades legislativas o jurisprudenciales, pol\u00edticas internas, nuevos requerimientos para la prestaci\u00f3n u ofrecimiento de nuestros programas de donativos, o cualquier otra raz\u00f3n. En tal caso, publicar\u00e1 en el sitio web https:\/\/rayconcept.dental\/aviso-de-privacidad\/ las modificaciones que se le practiquen al aviso e indicar\u00e1 la fecha de \u00faltima versi\u00f3n del aviso.&nbsp;<\/p>\n<p>En la medida que el usuario no solicite, en los t\u00e9rminos antes mencionados, la cancelaci\u00f3n y\/u oposici\u00f3n de sus datos personales y contin\u00fae accediendo y\/o utilizando, parcial o totalmente, los Servicios, implica que ha aceptado y consentido tales cambios y\/o modificaciones.&nbsp;<\/p><p><br><\/p>\n<p>9. FECHA DE ACTUALIZACI\u00d3N&nbsp;<\/p>\n<p>Este aviso de privacidad, se actualiz\u00f3 el 22 de abril de 2024.<\/p>\n<div>&nbsp;<\/div>\t\t\t\t\t\t\t\t<\/div>\n\t\t\t\t<\/div>\n\t\t\t\t\t<\/div>\n\t\t\t\t<\/div>\n\t\t\t\t<\/div>\n\t\t\t\t\t<\/div>\n\t\t\t\t<\/div>\n\t\t\t\t<\/div>","protected":false},"excerpt":{"rendered":"<p>Aviso de privacidad ALEXANDER COMERCIAL &#8211; Grupo Romanos 534 S.A de C.V con domicilio legal en Liceaga Center. Calle Dr Liceaga, Piso 5, Doctores, Cuauht\u00e9moc, 06720 Ciudad de M\u00e9xico, CDMX hace de su conocimiento que los datos personales que nos est\u00e1 proporcionando o alg\u00fan otro que nos proporcione en el futuro, se utilizar\u00e1n para abrir&hellip; <a class=\"more-link\" href=\"https:\/\/inmueblesalexander.com\/zh\/aviso-de-privacidad\/\">\u7ee7\u7eed\u9605\u8bfb<span class=\"screen-reader-text\">Aviso de Privacidad<\/span><\/a><\/p>","protected":false},"author":1,"featured_media":0,"parent":0,"menu_order":0,"comment_status":"closed","ping_status":"closed","template":"elementor_header_footer","meta":{"footnotes":""},"class_list":["post-2454","page","type-page","status-publish","hentry","entry"],"yoast_head":"<!-- This site is optimized with the Yoast SEO plugin v27.4 - https:\/\/yoast.com\/product\/yoast-seo-wordpress\/ -->\n<title>Aviso de Privacidad - Inmuebles Alexander<\/title>\n<meta name=\"description\" content=\"Aviso de privacidad de Alexander Comercial.\" \/>\n<meta name=\"robots\" content=\"index, follow, max-snippet:-1, max-image-preview:large, max-video-preview:-1\" \/>\n<link rel=\"canonical\" href=\"https:\/\/inmueblesalexander.com\/zh\/aviso-de-privacidad\/\" \/>\n<meta property=\"og:locale\" content=\"zh_CN\" \/>\n<meta property=\"og:type\" content=\"article\" \/>\n<meta property=\"og:title\" content=\"Aviso de Privacidad | Alexander Comercial\" \/>\n<meta property=\"og:description\" content=\"Conoce nuestro aviso de privacidad\" \/>\n<meta property=\"og:url\" content=\"https:\/\/inmueblesalexander.com\/zh\/aviso-de-privacidad\/\" \/>\n<meta property=\"og:site_name\" content=\"Inmuebles Alexander\" \/>\n<meta property=\"article:publisher\" content=\"https:\/\/www.facebook.com\/inmueblesalexander\" \/>\n<meta property=\"article:modified_time\" content=\"2024-04-23T17:55:34+00:00\" \/>\n<meta property=\"og:image\" content=\"https:\/\/inmueblesalexander.com\/wp-content\/uploads\/2024\/04\/alex_in_web_img_opengraph_privacidad.jpg\" \/>\n\t<meta property=\"og:image:width\" content=\"1200\" \/>\n\t<meta property=\"og:image:height\" content=\"630\" \/>\n\t<meta property=\"og:image:type\" content=\"image\/jpeg\" \/>\n<meta name=\"twitter:card\" content=\"summary_large_image\" \/>\n<meta name=\"twitter:title\" content=\"Aviso de Privacidad | Alexander Comercial\" \/>\n<meta name=\"twitter:description\" content=\"Conoce nuestro aviso de privacidad\" \/>\n<meta name=\"twitter:image\" content=\"https:\/\/inmueblesalexander.com\/wp-content\/uploads\/2024\/04\/alex_in_web_img_opengraph_privacidad.jpg\" \/>\n<meta name=\"twitter:label1\" content=\"\u9884\u8ba1\u9605\u8bfb\u65f6\u95f4\" \/>\n\t<meta name=\"twitter:data1\" content=\"6 \u5206\" \/>\n<script type=\"application\/ld+json\" class=\"yoast-schema-graph\">{\"@context\":\"https:\\\/\\\/schema.org\",\"@graph\":[{\"@type\":\"WebPage\",\"@id\":\"https:\\\/\\\/inmueblesalexander.com\\\/aviso-de-privacidad\\\/\",\"url\":\"https:\\\/\\\/inmueblesalexander.com\\\/aviso-de-privacidad\\\/\",\"name\":\"Aviso de Privacidad - Inmuebles Alexander\",\"isPartOf\":{\"@id\":\"https:\\\/\\\/inmueblesalexander.com\\\/#website\"},\"datePublished\":\"2024-04-19T18:47:05+00:00\",\"dateModified\":\"2024-04-23T17:55:34+00:00\",\"description\":\"Aviso de privacidad de Alexander Comercial.\",\"breadcrumb\":{\"@id\":\"https:\\\/\\\/inmueblesalexander.com\\\/aviso-de-privacidad\\\/#breadcrumb\"},\"inLanguage\":\"zh-Hans\",\"potentialAction\":[{\"@type\":\"ReadAction\",\"target\":[\"https:\\\/\\\/inmueblesalexander.com\\\/aviso-de-privacidad\\\/\"]}]},{\"@type\":\"BreadcrumbList\",\"@id\":\"https:\\\/\\\/inmueblesalexander.com\\\/aviso-de-privacidad\\\/#breadcrumb\",\"itemListElement\":[{\"@type\":\"ListItem\",\"position\":1,\"name\":\"Home\",\"item\":\"https:\\\/\\\/inmueblesalexander.com\\\/\"},{\"@type\":\"ListItem\",\"position\":2,\"name\":\"Aviso de Privacidad\"}]},{\"@type\":\"WebSite\",\"@id\":\"https:\\\/\\\/inmueblesalexander.com\\\/#website\",\"url\":\"https:\\\/\\\/inmueblesalexander.com\\\/\",\"name\":\"Inmuebles Alexander\",\"description\":\"Inmuebles Alexander: expertos en propiedades industriales y comerciales, con asesor\u00eda para compradores nacionales y extranjeros. Compra, venta, renta de bodegas, naves industriales y locales comerciales.\",\"publisher\":{\"@id\":\"https:\\\/\\\/inmueblesalexander.com\\\/#organization\"},\"potentialAction\":[{\"@type\":\"SearchAction\",\"target\":{\"@type\":\"EntryPoint\",\"urlTemplate\":\"https:\\\/\\\/inmueblesalexander.com\\\/?s={search_term_string}\"},\"query-input\":{\"@type\":\"PropertyValueSpecification\",\"valueRequired\":true,\"valueName\":\"search_term_string\"}}],\"inLanguage\":\"zh-Hans\"},{\"@type\":\"Organization\",\"@id\":\"https:\\\/\\\/inmueblesalexander.com\\\/#organization\",\"name\":\"Inmuebles Alexander\",\"url\":\"https:\\\/\\\/inmueblesalexander.com\\\/\",\"logo\":{\"@type\":\"ImageObject\",\"inLanguage\":\"zh-Hans\",\"@id\":\"https:\\\/\\\/inmueblesalexander.com\\\/#\\\/schema\\\/logo\\\/image\\\/\",\"url\":\"https:\\\/\\\/inmueblesalexander.com\\\/wp-content\\\/uploads\\\/2024\\\/03\\\/alex_in_web_logo.png\",\"contentUrl\":\"https:\\\/\\\/inmueblesalexander.com\\\/wp-content\\\/uploads\\\/2024\\\/03\\\/alex_in_web_logo.png\",\"width\":300,\"height\":100,\"caption\":\"Inmuebles Alexander\"},\"image\":{\"@id\":\"https:\\\/\\\/inmueblesalexander.com\\\/#\\\/schema\\\/logo\\\/image\\\/\"},\"sameAs\":[\"https:\\\/\\\/www.facebook.com\\\/inmueblesalexander\"]}]}<\/script>\n<!-- \/ Yoast SEO plugin. -->","yoast_head_json":{"title":"Aviso de Privacidad - Inmuebles Alexander","description":"Aviso de privacidad de Alexander Comercial.","robots":{"index":"index","follow":"follow","max-snippet":"max-snippet:-1","max-image-preview":"max-image-preview:large","max-video-preview":"max-video-preview:-1"},"canonical":"https:\/\/inmueblesalexander.com\/zh\/aviso-de-privacidad\/","og_locale":"zh_CN","og_type":"article","og_title":"Aviso de Privacidad | Alexander Comercial","og_description":"Conoce nuestro aviso de privacidad","og_url":"https:\/\/inmueblesalexander.com\/zh\/aviso-de-privacidad\/","og_site_name":"Inmuebles Alexander","article_publisher":"https:\/\/www.facebook.com\/inmueblesalexander","article_modified_time":"2024-04-23T17:55:34+00:00","og_image":[{"width":1200,"height":630,"url":"https:\/\/inmueblesalexander.com\/wp-content\/uploads\/2024\/04\/alex_in_web_img_opengraph_privacidad.jpg","type":"image\/jpeg"}],"twitter_card":"summary_large_image","twitter_title":"Aviso de Privacidad | Alexander Comercial","twitter_description":"Conoce nuestro aviso de privacidad","twitter_image":"https:\/\/inmueblesalexander.com\/wp-content\/uploads\/2024\/04\/alex_in_web_img_opengraph_privacidad.jpg","twitter_misc":{"\u9884\u8ba1\u9605\u8bfb\u65f6\u95f4":"6 \u5206"},"schema":{"@context":"https:\/\/schema.org","@graph":[{"@type":"WebPage","@id":"https:\/\/inmueblesalexander.com\/aviso-de-privacidad\/","url":"https:\/\/inmueblesalexander.com\/aviso-de-privacidad\/","name":"Aviso de Privacidad - Inmuebles Alexander","isPartOf":{"@id":"https:\/\/inmueblesalexander.com\/#website"},"datePublished":"2024-04-19T18:47:05+00:00","dateModified":"2024-04-23T17:55:34+00:00","description":"Aviso de privacidad de Alexander Comercial.","breadcrumb":{"@id":"https:\/\/inmueblesalexander.com\/aviso-de-privacidad\/#breadcrumb"},"inLanguage":"zh-Hans","potentialAction":[{"@type":"ReadAction","target":["https:\/\/inmueblesalexander.com\/aviso-de-privacidad\/"]}]},{"@type":"BreadcrumbList","@id":"https:\/\/inmueblesalexander.com\/aviso-de-privacidad\/#breadcrumb","itemListElement":[{"@type":"ListItem","position":1,"name":"Home","item":"https:\/\/inmueblesalexander.com\/"},{"@type":"ListItem","position":2,"name":"Aviso de Privacidad"}]},{"@type":"WebSite","@id":"https:\/\/inmueblesalexander.com\/#website","url":"https:\/\/inmueblesalexander.com\/","name":"Inmuebles Alexander","description":"Inmuebles Alexander: expertos en propiedades industriales y comerciales, con asesor\u00eda para compradores nacionales y extranjeros. Compra, venta, renta de bodegas, naves industriales y locales comerciales.","publisher":{"@id":"https:\/\/inmueblesalexander.com\/#organization"},"potentialAction":[{"@type":"SearchAction","target":{"@type":"EntryPoint","urlTemplate":"https:\/\/inmueblesalexander.com\/?s={search_term_string}"},"query-input":{"@type":"PropertyValueSpecification","valueRequired":true,"valueName":"search_term_string"}}],"inLanguage":"zh-Hans"},{"@type":"Organization","@id":"https:\/\/inmueblesalexander.com\/#organization","name":"Inmuebles Alexander","url":"https:\/\/inmueblesalexander.com\/","logo":{"@type":"ImageObject","inLanguage":"zh-Hans","@id":"https:\/\/inmueblesalexander.com\/#\/schema\/logo\/image\/","url":"https:\/\/inmueblesalexander.com\/wp-content\/uploads\/2024\/03\/alex_in_web_logo.png","contentUrl":"https:\/\/inmueblesalexander.com\/wp-content\/uploads\/2024\/03\/alex_in_web_logo.png","width":300,"height":100,"caption":"Inmuebles Alexander"},"image":{"@id":"https:\/\/inmueblesalexander.com\/#\/schema\/logo\/image\/"},"sameAs":["https:\/\/www.facebook.com\/inmueblesalexander"]}]}},"_links":{"self":[{"href":"https:\/\/inmueblesalexander.com\/zh\/wp-json\/wp\/v2\/pages\/2454","targetHints":{"allow":["GET"]}}],"collection":[{"href":"https:\/\/inmueblesalexander.com\/zh\/wp-json\/wp\/v2\/pages"}],"about":[{"href":"https:\/\/inmueblesalexander.com\/zh\/wp-json\/wp\/v2\/types\/page"}],"author":[{"embeddable":true,"href":"https:\/\/inmueblesalexander.com\/zh\/wp-json\/wp\/v2\/users\/1"}],"replies":[{"embeddable":true,"href":"https:\/\/inmueblesalexander.com\/zh\/wp-json\/wp\/v2\/comments?post=2454"}],"version-history":[{"count":7,"href":"https:\/\/inmueblesalexander.com\/zh\/wp-json\/wp\/v2\/pages\/2454\/revisions"}],"predecessor-version":[{"id":2908,"href":"https:\/\/inmueblesalexander.com\/zh\/wp-json\/wp\/v2\/pages\/2454\/revisions\/2908"}],"wp:attachment":[{"href":"https:\/\/inmueblesalexander.com\/zh\/wp-json\/wp\/v2\/media?parent=2454"}],"curies":[{"name":"wp","href":"https:\/\/api.w.org\/{rel}","templated":true}]}}