{"id":109,"date":"2024-03-04T18:15:38","date_gmt":"2024-03-04T18:15:38","guid":{"rendered":"https:\/\/inmueblesalexander.com\/contact-us\/"},"modified":"2025-08-04T17:38:14","modified_gmt":"2025-08-04T17:38:14","slug":"contacto","status":"publish","type":"page","link":"https:\/\/inmueblesalexander.com\/zh\/contacto\/","title":{"rendered":"\u63a5\u89e6"},"content":{"rendered":"\t\t<div data-elementor-type=\"wp-page\" data-elementor-id=\"109\" class=\"elementor elementor-109\" data-elementor-post-type=\"page\">\n\t\t\t\t<div class=\"elementor-element elementor-element-f85bbf0 e-flex e-con-boxed e-con e-parent\" data-id=\"f85bbf0\" data-element_type=\"container\" data-e-type=\"container\" data-settings=\"{&quot;background_background&quot;:&quot;gradient&quot;}\">\n\t\t\t\t\t<div class=\"e-con-inner\">\n\t\t<div class=\"elementor-element elementor-element-0238f52 e-con-full e-flex e-con e-child\" data-id=\"0238f52\" data-element_type=\"container\" data-e-type=\"container\">\n\t\t\t\t<div class=\"elementor-element elementor-element-96f758d elementor-widget__width-initial elementor-widget elementor-widget-heading\" data-id=\"96f758d\" data-element_type=\"widget\" data-e-type=\"widget\" data-widget_type=\"heading.default\">\n\t\t\t\t<div class=\"elementor-widget-container\">\n\t\t\t\t\t<h1 class=\"elementor-heading-title elementor-size-default\">Ponte en contacto con nosotros<\/h1>\t\t\t\t<\/div>\n\t\t\t\t<\/div>\n\t\t\t\t<\/div>\n\t\t\t\t\t<\/div>\n\t\t\t\t<\/div>\n\t\t<div class=\"elementor-element elementor-element-3618676 e-flex e-con-boxed e-con e-parent\" data-id=\"3618676\" data-element_type=\"container\" data-e-type=\"container\" data-settings=\"{&quot;background_background&quot;:&quot;classic&quot;}\">\n\t\t\t\t\t<div class=\"e-con-inner\">\n\t\t<div class=\"elementor-element elementor-element-6114667 e-con-full e-flex e-con e-child\" data-id=\"6114667\" data-element_type=\"container\" data-e-type=\"container\">\n\t\t\t\t<div class=\"elementor-element elementor-element-859283a elementor-widget elementor-widget-heading\" data-id=\"859283a\" data-element_type=\"widget\" data-e-type=\"widget\" data-widget_type=\"heading.default\">\n\t\t\t\t<div class=\"elementor-widget-container\">\n\t\t\t\t\t<h3 class=\"elementor-heading-title elementor-size-default\">Vis\u00edtanos<\/h3>\t\t\t\t<\/div>\n\t\t\t\t<\/div>\n\t\t\t\t<div class=\"elementor-element elementor-element-0a407bd elementor-position-inline-start elementor-mobile-position-inline-start elementor-view-default elementor-widget elementor-widget-icon-box\" data-id=\"0a407bd\" data-element_type=\"widget\" data-e-type=\"widget\" data-widget_type=\"icon-box.default\">\n\t\t\t\t<div class=\"elementor-widget-container\">\n\t\t\t\t\t\t\t<div class=\"elementor-icon-box-wrapper\">\n\n\t\t\t\t\t\t<div class=\"elementor-icon-box-icon\">\n\t\t\t\t<span  class=\"elementor-icon\">\n\t\t\t\t<svg aria-hidden=\"true\" class=\"e-font-icon-svg e-fas-map-marker-alt\" viewBox=\"0 0 384 512\" xmlns=\"http:\/\/www.w3.org\/2000\/svg\"><path d=\"M172.268 501.67C26.97 291.031 0 269.413 0 192 0 85.961 85.961 0 192 0s192 85.961 192 192c0 77.413-26.97 99.031-172.268 309.67-9.535 13.774-29.93 13.773-39.464 0zM192 272c44.183 0 80-35.817 80-80s-35.817-80-80-80-80 35.817-80 80 35.817 80 80 80z\"><\/path><\/svg>\t\t\t\t<\/span>\n\t\t\t<\/div>\n\t\t\t\n\t\t\t\t\t\t<div class=\"elementor-icon-box-content\">\n\n\t\t\t\t\t\t\t\t\t<h3 class=\"elementor-icon-box-title\">\n\t\t\t\t\t\t<span  >\n\t\t\t\t\t\t\tLiceaga center\t\t\t\t\t\t<\/span>\n\t\t\t\t\t<\/h3>\n\t\t\t\t\n\t\t\t\t\t\t\t\t\t<p class=\"elementor-icon-box-description\">\n\t\t\t\t\t\tDr. Liceaga 7, Piso 5, Doctores, Cuauht\u00e9moc, 06720, CDMX\t\t\t\t\t<\/p>\n\t\t\t\t\n\t\t\t<\/div>\n\t\t\t\n\t\t<\/div>\n\t\t\t\t\t\t<\/div>\n\t\t\t\t<\/div>\n\t\t\t\t<div class=\"elementor-element elementor-element-de4c2b9 elementor-position-inline-start elementor-mobile-position-inline-start elementor-view-default elementor-widget elementor-widget-icon-box\" data-id=\"de4c2b9\" data-element_type=\"widget\" data-e-type=\"widget\" data-widget_type=\"icon-box.default\">\n\t\t\t\t<div class=\"elementor-widget-container\">\n\t\t\t\t\t\t\t<div class=\"elementor-icon-box-wrapper\">\n\n\t\t\t\t\t\t<div class=\"elementor-icon-box-icon\">\n\t\t\t\t<a href=\"tel:5555887974\" class=\"elementor-icon\" tabindex=\"-1\" aria-label=\"(55) 5588 7974\">\n\t\t\t\t<svg aria-hidden=\"true\" class=\"e-font-icon-svg e-fas-phone\" viewBox=\"0 0 512 512\" xmlns=\"http:\/\/www.w3.org\/2000\/svg\"><path d=\"M493.4 24.6l-104-24c-11.3-2.6-22.9 3.3-27.5 13.9l-48 112c-4.2 9.8-1.4 21.3 6.9 28l60.6 49.6c-36 76.7-98.9 140.5-177.2 177.2l-49.6-60.6c-6.8-8.3-18.2-11.1-28-6.9l-112 48C3.9 366.5-2 378.1.6 389.4l24 104C27.1 504.2 36.7 512 48 512c256.1 0 464-207.5 464-464 0-11.2-7.7-20.9-18.6-23.4z\"><\/path><\/svg>\t\t\t\t<\/a>\n\t\t\t<\/div>\n\t\t\t\n\t\t\t\t\t\t<div class=\"elementor-icon-box-content\">\n\n\t\t\t\t\t\t\t\t\t<h3 class=\"elementor-icon-box-title\">\n\t\t\t\t\t\t<a href=\"tel:5555887974\" >\n\t\t\t\t\t\t\t(55) 5588 7974\t\t\t\t\t\t<\/a>\n\t\t\t\t\t<\/h3>\n\t\t\t\t\n\t\t\t\t\n\t\t\t<\/div>\n\t\t\t\n\t\t<\/div>\n\t\t\t\t\t\t<\/div>\n\t\t\t\t<\/div>\n\t\t<div class=\"elementor-element elementor-element-30f7117 e-flex e-con-boxed e-con e-child\" data-id=\"30f7117\" data-element_type=\"container\" data-e-type=\"container\" data-settings=\"{&quot;background_background&quot;:&quot;classic&quot;}\">\n\t\t\t\t\t<div class=\"e-con-inner\">\n\t\t\t\t<div class=\"elementor-element elementor-element-1c0d6a4 elementor-widget__width-auto elementor-widget elementor-widget-google_maps\" data-id=\"1c0d6a4\" data-element_type=\"widget\" data-e-type=\"widget\" data-widget_type=\"google_maps.default\">\n\t\t\t\t<div class=\"elementor-widget-container\">\n\t\t\t\t\t\t\t<div class=\"elementor-custom-embed\">\n\t\t\t<iframe loading=\"lazy\"\n\t\t\t\t\tsrc=\"https:\/\/www.google.com\/maps\/embed\/v1\/place?key=AIzaSyD6yKdJBGpQYI3hOINOjR2ovPSrEadRp4Y&#038;q=Calle%20Dr%20Liceaga%207-Piso%205%2C%20Doctores%2C%20Cuauht%C3%A9moc%2C%2006720%20Ciudad%20de%20M%C3%A9xico%2C%20CDMX&#038;zoom=15\"\n\t\t\t\t\ttitle=\"Calle Dr Liceaga 7-Piso 5, Doctores, Cuauht\u00e9moc, 06720 Ciudad de M\u00e9xico, CDMX\"\n\t\t\t\t\taria-label=\"Calle Dr Liceaga 7-Piso 5, Doctores, Cuauht\u00e9moc, 06720 Ciudad de M\u00e9xico, CDMX\"\n\t\t\t><\/iframe>\n\t\t<\/div>\n\t\t\t\t\t\t<\/div>\n\t\t\t\t<\/div>\n\t\t\t\t\t<\/div>\n\t\t\t\t<\/div>\n\t\t\t\t<\/div>\n\t\t<div class=\"elementor-element elementor-element-a7fb211 e-con-full e-flex e-con e-child\" data-id=\"a7fb211\" data-element_type=\"container\" data-e-type=\"container\">\n\t\t\t\t<div class=\"elementor-element elementor-element-2d2c012 elementor-widget elementor-widget-heading\" data-id=\"2d2c012\" data-element_type=\"widget\" data-e-type=\"widget\" data-widget_type=\"heading.default\">\n\t\t\t\t<div class=\"elementor-widget-container\">\n\t\t\t\t\t<h3 class=\"elementor-heading-title elementor-size-default\">Escr\u00edbenos<\/h3>\t\t\t\t<\/div>\n\t\t\t\t<\/div>\n\t\t\t\t<div class=\"elementor-element elementor-element-a1d7685 elementor-widget elementor-widget-text-editor\" data-id=\"a1d7685\" data-element_type=\"widget\" data-e-type=\"widget\" data-widget_type=\"text-editor.default\">\n\t\t\t\t<div class=\"elementor-widget-container\">\n\t\t\t\t\t\t\t\t\t<p>Llena el formulario y en breve un ejecutivo se comunicar\u00e1 contigo.<\/p>\t\t\t\t\t\t\t\t<\/div>\n\t\t\t\t<\/div>\n\t\t\t\t<div class=\"elementor-element elementor-element-00c3131 elementor-button-align-stretch elementor-widget elementor-widget-form\" data-id=\"00c3131\" data-element_type=\"widget\" data-e-type=\"widget\" data-settings=\"{&quot;step_next_label&quot;:&quot;Siguiente&quot;,&quot;step_previous_label&quot;:&quot;Anterior&quot;,&quot;button_width&quot;:&quot;100&quot;,&quot;step_type&quot;:&quot;number_text&quot;,&quot;step_icon_shape&quot;:&quot;circle&quot;}\" data-widget_type=\"form.default\">\n\t\t\t\t<div class=\"elementor-widget-container\">\n\t\t\t\t\t\t\t<form class=\"elementor-form\" method=\"post\" id=\"formulario_contacto\" name=\"Contacto\" aria-label=\"Contacto\" novalidate=\"\">\n\t\t\t<input type=\"hidden\" name=\"post_id\" value=\"109\"\/>\n\t\t\t<input type=\"hidden\" name=\"form_id\" value=\"00c3131\"\/>\n\t\t\t<input type=\"hidden\" name=\"referer_title\" value=\"Contacto\" \/>\n\n\t\t\t\t\t\t\t<input type=\"hidden\" name=\"queried_id\" value=\"109\"\/>\n\t\t\t\n\t\t\t<div class=\"elementor-form-fields-wrapper elementor-labels-\">\n\t\t\t\t\t\t\t\t<div class=\"elementor-field-type-text elementor-field-group elementor-column elementor-field-group-name elementor-col-100 elementor-field-required\">\n\t\t\t\t\t\t\t\t\t\t\t\t<label for=\"form-field-name\" class=\"elementor-field-label elementor-screen-only\">\n\t\t\t\t\t\t\t\tNombre\t\t\t\t\t\t\t<\/label>\n\t\t\t\t\t\t\t\t\t\t\t\t\t\t<input size=\"1\" type=\"text\" name=\"form_fields[name]\" id=\"form-field-name\" class=\"elementor-field elementor-size-md  elementor-field-textual\" placeholder=\"Nombre\" required=\"required\">\n\t\t\t\t\t\t\t\t\t\t\t<\/div>\n\t\t\t\t\t\t\t\t<div class=\"elementor-field-type-tel elementor-field-group elementor-column elementor-field-group-field_d2e40b1 elementor-col-100 elementor-field-required\">\n\t\t\t\t\t\t\t\t\t\t\t\t<label for=\"form-field-field_d2e40b1\" class=\"elementor-field-label elementor-screen-only\">\n\t\t\t\t\t\t\t\tTel\u00e9fono\t\t\t\t\t\t\t<\/label>\n\t\t\t\t\t\t\t\t<input size=\"1\" type=\"tel\" name=\"form_fields[field_d2e40b1]\" id=\"form-field-field_d2e40b1\" class=\"elementor-field elementor-size-md  elementor-field-textual\" placeholder=\"Tel\u00e9fono\" required=\"required\" pattern=\"[0-9()#&amp;+*-=.]+\" title=\"\u4ec5\u63a5\u53d7\u6570\u5b57\u548c\u7535\u8bdd\u5b57\u7b26\uff08#\u3001-\u3001* \u7b49\uff09\u3002\">\n\n\t\t\t\t\t\t<\/div>\n\t\t\t\t\t\t\t\t<div class=\"elementor-field-type-email elementor-field-group elementor-column elementor-field-group-email elementor-col-100 elementor-field-required\">\n\t\t\t\t\t\t\t\t\t\t\t\t<label for=\"form-field-email\" class=\"elementor-field-label elementor-screen-only\">\n\t\t\t\t\t\t\t\tCorreo electr\u00f3nico\t\t\t\t\t\t\t<\/label>\n\t\t\t\t\t\t\t\t\t\t\t\t\t\t<input size=\"1\" type=\"email\" name=\"form_fields[email]\" id=\"form-field-email\" class=\"elementor-field elementor-size-md  elementor-field-textual\" placeholder=\"Correo electr\u00f3nico\" required=\"required\">\n\t\t\t\t\t\t\t\t\t\t\t<\/div>\n\t\t\t\t\t\t\t\t<div class=\"elementor-field-type-textarea elementor-field-group elementor-column elementor-field-group-message elementor-col-100 elementor-field-required\">\n\t\t\t\t\t\t\t\t\t\t\t\t<label for=\"form-field-message\" class=\"elementor-field-label elementor-screen-only\">\n\t\t\t\t\t\t\t\tMensaje\t\t\t\t\t\t\t<\/label>\n\t\t\t\t\t\t<textarea class=\"elementor-field-textual elementor-field  elementor-size-md\" name=\"form_fields[message]\" id=\"form-field-message\" rows=\"4\" placeholder=\"Mensaje\" required=\"required\"><\/textarea>\t\t\t\t<\/div>\n\t\t\t\t\t\t\t\t<div class=\"elementor-field-type-recaptcha_v3 elementor-field-group elementor-column elementor-field-group-field_b56e1a0 elementor-col-100 recaptcha_v3-bottomright\">\n\t\t\t\t\t<div class=\"elementor-field\" id=\"form-field-field_b56e1a0\"><div class=\"elementor-g-recaptcha\" data-sitekey=\"6LdEX5kpAAAAAJa8GF6n1oSdNsBn4oaPURuHIqfp\" data-type=\"v3\" data-action=\"Form\" data-badge=\"bottomright\" data-size=\"invisible\"><\/div><\/div>\t\t\t\t<\/div>\n\t\t\t\t\t\t\t\t<div class=\"elementor-field-group elementor-column elementor-field-type-submit elementor-col-100 e-form__buttons\">\n\t\t\t\t\t<button class=\"elementor-button elementor-size-sm\" type=\"submit\">\n\t\t\t\t\t\t<span class=\"elementor-button-content-wrapper\">\n\t\t\t\t\t\t\t\t\t\t\t\t\t\t\t\t\t\t\t\t\t\t<span class=\"elementor-button-text\">Enviar<\/span>\n\t\t\t\t\t\t\t\t\t\t\t\t\t<\/span>\n\t\t\t\t\t<\/button>\n\t\t\t\t<\/div>\n\t\t\t<\/div>\n\t\t<\/form>\n\t\t\t\t\t\t<\/div>\n\t\t\t\t<\/div>\n\t\t\t\t<\/div>\n\t\t\t\t\t<\/div>\n\t\t\t\t<\/div>\n\t\t\t\t<\/div>\n\t\t","protected":false},"excerpt":{"rendered":"<p>Ponte en contacto con nosotros Vis\u00edtanos Liceaga center Dr. Liceaga 7, Piso 5, Doctores, Cuauht\u00e9moc, 06720, CDMX (55) 5588 7974 Escr\u00edbenos Llena el formulario y en breve un ejecutivo se comunicar\u00e1 contigo.<\/p>","protected":false},"author":1,"featured_media":2445,"parent":0,"menu_order":0,"comment_status":"closed","ping_status":"closed","template":"elementor_header_footer","meta":{"footnotes":""},"class_list":["post-109","page","type-page","status-publish","has-post-thumbnail","hentry","entry"],"yoast_head":"<!-- This site is optimized with the Yoast SEO plugin v27.4 - https:\/\/yoast.com\/product\/yoast-seo-wordpress\/ -->\n<title>Contacto<\/title>\n<meta name=\"description\" content=\"Contacto: ac\u00e9rcate y experimenta un servicio que prioriza tus necesidades, garantizando un proceso confiable y eficiente.\" \/>\n<meta name=\"robots\" content=\"index, follow, max-snippet:-1, max-image-preview:large, max-video-preview:-1\" \/>\n<link rel=\"canonical\" href=\"https:\/\/inmueblesalexander.com\/zh\/contacto\/\" \/>\n<meta property=\"og:locale\" content=\"zh_CN\" \/>\n<meta property=\"og:type\" content=\"article\" \/>\n<meta property=\"og:title\" content=\"Cont\u00e1ctanos | Alexander Comercial\" \/>\n<meta property=\"og:description\" content=\"Contacto: ac\u00e9rcate y experimenta un servicio que prioriza tus necesidades, garantizando un proceso confiable y eficiente.\" \/>\n<meta property=\"og:url\" content=\"https:\/\/inmueblesalexander.com\/zh\/contacto\/\" \/>\n<meta property=\"og:site_name\" content=\"Inmuebles Alexander\" \/>\n<meta property=\"article:publisher\" content=\"https:\/\/www.facebook.com\/inmueblesalexander\" \/>\n<meta property=\"article:modified_time\" content=\"2025-08-04T17:38:14+00:00\" \/>\n<meta property=\"og:image\" content=\"https:\/\/inmueblesalexander.com\/wp-content\/uploads\/2024\/04\/alex_in_web_img_opengraph_contacto.jpg\" \/>\n\t<meta property=\"og:image:width\" content=\"1200\" \/>\n\t<meta property=\"og:image:height\" content=\"630\" \/>\n\t<meta property=\"og:image:type\" content=\"image\/jpeg\" \/>\n<meta name=\"twitter:card\" content=\"summary_large_image\" \/>\n<meta name=\"twitter:title\" content=\"Cont\u00e1ctanos | Alexander Comercial\" \/>\n<meta name=\"twitter:description\" content=\"Contacto: ac\u00e9rcate y experimenta un servicio que prioriza tus necesidades, garantizando un proceso confiable y eficiente.\" \/>\n<meta name=\"twitter:image\" content=\"https:\/\/inmueblesalexander.com\/wp-content\/uploads\/2024\/04\/alex_in_web_img_opengraph_contacto.jpg\" \/>\n<meta name=\"twitter:label1\" content=\"\u9884\u8ba1\u9605\u8bfb\u65f6\u95f4\" \/>\n\t<meta name=\"twitter:data1\" content=\"1 \u5206\" \/>\n<script type=\"application\/ld+json\" class=\"yoast-schema-graph\">{\"@context\":\"https:\\\/\\\/schema.org\",\"@graph\":[{\"@type\":\"WebPage\",\"@id\":\"https:\\\/\\\/inmueblesalexander.com\\\/zh\\\/contacto\\\/\",\"url\":\"https:\\\/\\\/inmueblesalexander.com\\\/zh\\\/contacto\\\/\",\"name\":\"Contacto\",\"isPartOf\":{\"@id\":\"https:\\\/\\\/inmueblesalexander.com\\\/#website\"},\"primaryImageOfPage\":{\"@id\":\"https:\\\/\\\/inmueblesalexander.com\\\/zh\\\/contacto\\\/#primaryimage\"},\"image\":{\"@id\":\"https:\\\/\\\/inmueblesalexander.com\\\/zh\\\/contacto\\\/#primaryimage\"},\"thumbnailUrl\":\"https:\\\/\\\/inmueblesalexander.com\\\/wp-content\\\/uploads\\\/2024\\\/04\\\/alex_in_web_img_opengraph_contacto.jpg\",\"datePublished\":\"2024-03-04T18:15:38+00:00\",\"dateModified\":\"2025-08-04T17:38:14+00:00\",\"description\":\"Contacto: ac\u00e9rcate y experimenta un servicio que prioriza tus necesidades, garantizando un proceso confiable y eficiente.\",\"breadcrumb\":{\"@id\":\"https:\\\/\\\/inmueblesalexander.com\\\/zh\\\/contacto\\\/#breadcrumb\"},\"inLanguage\":\"zh-Hans\",\"potentialAction\":[{\"@type\":\"ReadAction\",\"target\":[\"https:\\\/\\\/inmueblesalexander.com\\\/zh\\\/contacto\\\/\"]}]},{\"@type\":\"ImageObject\",\"inLanguage\":\"zh-Hans\",\"@id\":\"https:\\\/\\\/inmueblesalexander.com\\\/zh\\\/contacto\\\/#primaryimage\",\"url\":\"https:\\\/\\\/inmueblesalexander.com\\\/wp-content\\\/uploads\\\/2024\\\/04\\\/alex_in_web_img_opengraph_contacto.jpg\",\"contentUrl\":\"https:\\\/\\\/inmueblesalexander.com\\\/wp-content\\\/uploads\\\/2024\\\/04\\\/alex_in_web_img_opengraph_contacto.jpg\",\"width\":1200,\"height\":630,\"caption\":\"Contacto Alexander Comercial\"},{\"@type\":\"BreadcrumbList\",\"@id\":\"https:\\\/\\\/inmueblesalexander.com\\\/zh\\\/contacto\\\/#breadcrumb\",\"itemListElement\":[{\"@type\":\"ListItem\",\"position\":1,\"name\":\"Home\",\"item\":\"https:\\\/\\\/inmueblesalexander.com\\\/\"},{\"@type\":\"ListItem\",\"position\":2,\"name\":\"Contacto\"}]},{\"@type\":\"WebSite\",\"@id\":\"https:\\\/\\\/inmueblesalexander.com\\\/#website\",\"url\":\"https:\\\/\\\/inmueblesalexander.com\\\/\",\"name\":\"Inmuebles Alexander\",\"description\":\"Inmuebles Alexander: expertos en propiedades industriales y comerciales, con asesor\u00eda para compradores nacionales y extranjeros. Compra, venta, renta de bodegas, naves industriales y locales comerciales.\",\"publisher\":{\"@id\":\"https:\\\/\\\/inmueblesalexander.com\\\/#organization\"},\"potentialAction\":[{\"@type\":\"SearchAction\",\"target\":{\"@type\":\"EntryPoint\",\"urlTemplate\":\"https:\\\/\\\/inmueblesalexander.com\\\/?s={search_term_string}\"},\"query-input\":{\"@type\":\"PropertyValueSpecification\",\"valueRequired\":true,\"valueName\":\"search_term_string\"}}],\"inLanguage\":\"zh-Hans\"},{\"@type\":\"Organization\",\"@id\":\"https:\\\/\\\/inmueblesalexander.com\\\/#organization\",\"name\":\"Inmuebles Alexander\",\"url\":\"https:\\\/\\\/inmueblesalexander.com\\\/\",\"logo\":{\"@type\":\"ImageObject\",\"inLanguage\":\"zh-Hans\",\"@id\":\"https:\\\/\\\/inmueblesalexander.com\\\/#\\\/schema\\\/logo\\\/image\\\/\",\"url\":\"https:\\\/\\\/inmueblesalexander.com\\\/wp-content\\\/uploads\\\/2024\\\/03\\\/alex_in_web_logo.png\",\"contentUrl\":\"https:\\\/\\\/inmueblesalexander.com\\\/wp-content\\\/uploads\\\/2024\\\/03\\\/alex_in_web_logo.png\",\"width\":300,\"height\":100,\"caption\":\"Inmuebles Alexander\"},\"image\":{\"@id\":\"https:\\\/\\\/inmueblesalexander.com\\\/#\\\/schema\\\/logo\\\/image\\\/\"},\"sameAs\":[\"https:\\\/\\\/www.facebook.com\\\/inmueblesalexander\"]}]}<\/script>\n<!-- \/ Yoast SEO plugin. -->","yoast_head_json":{"title":"\u63a5\u89e6","description":"Contacto: ac\u00e9rcate y experimenta un servicio que prioriza tus necesidades, garantizando un proceso confiable y eficiente.","robots":{"index":"index","follow":"follow","max-snippet":"max-snippet:-1","max-image-preview":"max-image-preview:large","max-video-preview":"max-video-preview:-1"},"canonical":"https:\/\/inmueblesalexander.com\/zh\/contacto\/","og_locale":"zh_CN","og_type":"article","og_title":"Cont\u00e1ctanos | Alexander Comercial","og_description":"Contacto: ac\u00e9rcate y experimenta un servicio que prioriza tus necesidades, garantizando un proceso confiable y eficiente.","og_url":"https:\/\/inmueblesalexander.com\/zh\/contacto\/","og_site_name":"Inmuebles Alexander","article_publisher":"https:\/\/www.facebook.com\/inmueblesalexander","article_modified_time":"2025-08-04T17:38:14+00:00","og_image":[{"width":1200,"height":630,"url":"https:\/\/inmueblesalexander.com\/wp-content\/uploads\/2024\/04\/alex_in_web_img_opengraph_contacto.jpg","type":"image\/jpeg"}],"twitter_card":"summary_large_image","twitter_title":"Cont\u00e1ctanos | Alexander Comercial","twitter_description":"Contacto: ac\u00e9rcate y experimenta un servicio que prioriza tus necesidades, garantizando un proceso confiable y eficiente.","twitter_image":"https:\/\/inmueblesalexander.com\/wp-content\/uploads\/2024\/04\/alex_in_web_img_opengraph_contacto.jpg","twitter_misc":{"\u9884\u8ba1\u9605\u8bfb\u65f6\u95f4":"1 \u5206"},"schema":{"@context":"https:\/\/schema.org","@graph":[{"@type":"WebPage","@id":"https:\/\/inmueblesalexander.com\/zh\/contacto\/","url":"https:\/\/inmueblesalexander.com\/zh\/contacto\/","name":"\u63a5\u89e6","isPartOf":{"@id":"https:\/\/inmueblesalexander.com\/#website"},"primaryImageOfPage":{"@id":"https:\/\/inmueblesalexander.com\/zh\/contacto\/#primaryimage"},"image":{"@id":"https:\/\/inmueblesalexander.com\/zh\/contacto\/#primaryimage"},"thumbnailUrl":"https:\/\/inmueblesalexander.com\/wp-content\/uploads\/2024\/04\/alex_in_web_img_opengraph_contacto.jpg","datePublished":"2024-03-04T18:15:38+00:00","dateModified":"2025-08-04T17:38:14+00:00","description":"Contacto: ac\u00e9rcate y experimenta un servicio que prioriza tus necesidades, garantizando un proceso confiable y eficiente.","breadcrumb":{"@id":"https:\/\/inmueblesalexander.com\/zh\/contacto\/#breadcrumb"},"inLanguage":"zh-Hans","potentialAction":[{"@type":"ReadAction","target":["https:\/\/inmueblesalexander.com\/zh\/contacto\/"]}]},{"@type":"ImageObject","inLanguage":"zh-Hans","@id":"https:\/\/inmueblesalexander.com\/zh\/contacto\/#primaryimage","url":"https:\/\/inmueblesalexander.com\/wp-content\/uploads\/2024\/04\/alex_in_web_img_opengraph_contacto.jpg","contentUrl":"https:\/\/inmueblesalexander.com\/wp-content\/uploads\/2024\/04\/alex_in_web_img_opengraph_contacto.jpg","width":1200,"height":630,"caption":"Contacto Alexander Comercial"},{"@type":"BreadcrumbList","@id":"https:\/\/inmueblesalexander.com\/zh\/contacto\/#breadcrumb","itemListElement":[{"@type":"ListItem","position":1,"name":"Home","item":"https:\/\/inmueblesalexander.com\/"},{"@type":"ListItem","position":2,"name":"Contacto"}]},{"@type":"WebSite","@id":"https:\/\/inmueblesalexander.com\/#website","url":"https:\/\/inmueblesalexander.com\/","name":"Inmuebles Alexander","description":"Inmuebles Alexander: expertos en propiedades industriales y comerciales, con asesor\u00eda para compradores nacionales y extranjeros. Compra, venta, renta de bodegas, naves industriales y locales comerciales.","publisher":{"@id":"https:\/\/inmueblesalexander.com\/#organization"},"potentialAction":[{"@type":"SearchAction","target":{"@type":"EntryPoint","urlTemplate":"https:\/\/inmueblesalexander.com\/?s={search_term_string}"},"query-input":{"@type":"PropertyValueSpecification","valueRequired":true,"valueName":"search_term_string"}}],"inLanguage":"zh-Hans"},{"@type":"Organization","@id":"https:\/\/inmueblesalexander.com\/#organization","name":"Inmuebles Alexander","url":"https:\/\/inmueblesalexander.com\/","logo":{"@type":"ImageObject","inLanguage":"zh-Hans","@id":"https:\/\/inmueblesalexander.com\/#\/schema\/logo\/image\/","url":"https:\/\/inmueblesalexander.com\/wp-content\/uploads\/2024\/03\/alex_in_web_logo.png","contentUrl":"https:\/\/inmueblesalexander.com\/wp-content\/uploads\/2024\/03\/alex_in_web_logo.png","width":300,"height":100,"caption":"Inmuebles Alexander"},"image":{"@id":"https:\/\/inmueblesalexander.com\/#\/schema\/logo\/image\/"},"sameAs":["https:\/\/www.facebook.com\/inmueblesalexander"]}]}},"_links":{"self":[{"href":"https:\/\/inmueblesalexander.com\/zh\/wp-json\/wp\/v2\/pages\/109","targetHints":{"allow":["GET"]}}],"collection":[{"href":"https:\/\/inmueblesalexander.com\/zh\/wp-json\/wp\/v2\/pages"}],"about":[{"href":"https:\/\/inmueblesalexander.com\/zh\/wp-json\/wp\/v2\/types\/page"}],"author":[{"embeddable":true,"href":"https:\/\/inmueblesalexander.com\/zh\/wp-json\/wp\/v2\/users\/1"}],"replies":[{"embeddable":true,"href":"https:\/\/inmueblesalexander.com\/zh\/wp-json\/wp\/v2\/comments?post=109"}],"version-history":[{"count":203,"href":"https:\/\/inmueblesalexander.com\/zh\/wp-json\/wp\/v2\/pages\/109\/revisions"}],"predecessor-version":[{"id":4137,"href":"https:\/\/inmueblesalexander.com\/zh\/wp-json\/wp\/v2\/pages\/109\/revisions\/4137"}],"wp:featuredmedia":[{"embeddable":true,"href":"https:\/\/inmueblesalexander.com\/zh\/wp-json\/wp\/v2\/media\/2445"}],"wp:attachment":[{"href":"https:\/\/inmueblesalexander.com\/zh\/wp-json\/wp\/v2\/media?parent=109"}],"curies":[{"name":"wp","href":"https:\/\/api.w.org\/{rel}","templated":true}]}}